{"id":86,"date":"2020-02-04T20:34:40","date_gmt":"2020-02-04T20:34:40","guid":{"rendered":"http:\/\/www.ludyscreen.com.br\/grafica-em-sao-paulo\/?page_id=86"},"modified":"2020-09-21T19:59:33","modified_gmt":"2020-09-21T19:59:33","slug":"contato","status":"publish","type":"page","link":"http:\/\/www.ludyscreen.com.br\/grafica-em-sao-paulo\/contato\/","title":{"rendered":"Contato"},"content":{"rendered":"<div id=\"pl-86\"  class=\"panel-layout\" ><div id=\"pg-86-0\"  class=\"panel-grid panel-no-style\" ><div id=\"pgc-86-0-0\"  class=\"panel-grid-cell\" ><div id=\"panel-86-0-0-0\" class=\"widget_text so-panel widget widget_custom_html panel-first-child\" data-index=\"0\" ><div class=\"textwidget custom-html-widget\"><div role=\"form\" class=\"wpcf7\" id=\"wpcf7-f908-o1\" lang=\"pt-BR\" dir=\"ltr\">\n<div class=\"screen-reader-response\" role=\"alert\" aria-live=\"polite\"><\/div>\n<form action=\"\/grafica-em-sao-paulo\/wp-json\/wp\/v2\/pages\/86#wpcf7-f908-o1\" method=\"post\" class=\"wpcf7-form init\" novalidate=\"novalidate\">\n<div style=\"display: none;\">\n<input type=\"hidden\" name=\"_wpcf7\" value=\"908\" \/>\n<input type=\"hidden\" name=\"_wpcf7_version\" value=\"5.2.2\" \/>\n<input type=\"hidden\" name=\"_wpcf7_locale\" value=\"pt_BR\" \/>\n<input type=\"hidden\" name=\"_wpcf7_unit_tag\" value=\"wpcf7-f908-o1\" \/>\n<input type=\"hidden\" name=\"_wpcf7_container_post\" value=\"0\" \/>\n<input type=\"hidden\" name=\"_wpcf7_posted_data_hash\" value=\"\" \/>\n<\/div>\n<p><label> Seu nome (obrigat\u00f3rio)<br \/>\n    <span class=\"wpcf7-form-control-wrap your-name\"><input type=\"text\" name=\"your-name\" value=\"\" size=\"40\" class=\"wpcf7-form-control wpcf7-text wpcf7-validates-as-required\" aria-required=\"true\" aria-invalid=\"false\" \/><\/span> <\/label><\/p>\n<p><label> Seu e-mail (obrigat\u00f3rio)<br \/>\n    <span class=\"wpcf7-form-control-wrap your-email\"><input type=\"email\" name=\"your-email\" value=\"\" size=\"40\" class=\"wpcf7-form-control wpcf7-text wpcf7-email wpcf7-validates-as-required wpcf7-validates-as-email\" aria-required=\"true\" aria-invalid=\"false\" \/><\/span> <\/label><\/p>\n<p><label> Assunto<br \/>\n    <span class=\"wpcf7-form-control-wrap your-subject\"><input type=\"text\" name=\"your-subject\" value=\"\" size=\"40\" class=\"wpcf7-form-control wpcf7-text\" aria-invalid=\"false\" \/><\/span> <\/label><\/p>\n<p><label> Sua mensagem<br \/>\n    <span class=\"wpcf7-form-control-wrap your-message\"><textarea name=\"your-message\" cols=\"40\" rows=\"10\" class=\"wpcf7-form-control wpcf7-textarea\" aria-invalid=\"false\"><\/textarea><\/span> <\/label><\/p>\n<p><input type=\"submit\" value=\"Enviar\" class=\"wpcf7-form-control wpcf7-submit\" \/><\/p>\n<div class=\"wpcf7-response-output\" role=\"alert\" aria-hidden=\"true\"><\/div><\/form><\/div><\/div><\/div><div id=\"panel-86-0-0-1\" class=\"so-panel widget widget_text panel-last-child\" data-index=\"1\" ><h3 class=\"widget-title\">Contato:<\/h3>\t\t\t<div class=\"textwidget\"><p>(11) 3915-6634 Fixo<br \/>\n(11) 96857-1810 Whatsapp<br \/>\n(11) 99559-0865<\/p>\n<p>R. Jo\u00e3o Vicente Valad\u00e3o, 78 &#8211; Perus, S\u00e3o Paulo-SP<\/p>\n<\/div>\n\t\t<\/div><\/div><\/div><div id=\"pg-86-1\"  class=\"panel-grid panel-no-style\" ><div id=\"pgc-86-1-0\"  class=\"panel-grid-cell panel-grid-cell-empty\" ><\/div><div id=\"pgc-86-1-1\"  class=\"panel-grid-cell panel-grid-cell-mobile-last\" ><div id=\"panel-86-1-1-0\" class=\"widget_text so-panel widget widget_custom_html panel-first-child panel-last-child\" data-index=\"2\" ><h3 class=\"widget-title\">Localiza\u00e7\u00e3o:<\/h3><div class=\"textwidget custom-html-widget\"><iframe src=\"https:\/\/www.google.com\/maps\/embed?pb=!1m18!1m12!1m3!1d3661.495002455672!2d-46.74797898554713!3d-23.406479461774836!2m3!1f0!2f0!3f0!3m2!1i1024!2i768!4f13.1!3m3!1m2!1s0x94cefb5836172aab%3A0xbdaa856b941faf0c!2sR.%20Jo%C3%A3o%20Vicente%20Valad%C3%A3o%2C%2078%20-%20Vila%20Fanton%2C%20S%C3%A3o%20Paulo%20-%20SP%2C%2005201-140!5e0!3m2!1spt-BR!2sbr!4v1600431609162!5m2!1spt-BR!2sbr\" width=\"800\" height=\"400\" frameborder=\"0\" style=\"border:0;\" allowfullscreen=\"\" aria-hidden=\"false\" tabindex=\"0\"><\/iframe><\/div><\/div><\/div><div id=\"pgc-86-1-2\"  class=\"panel-grid-cell panel-grid-cell-empty\" ><\/div><\/div><\/div>","protected":false},"excerpt":{"rendered":"<p>(11) 3915-6634 Fixo (11) 96857-1810 Whatsapp (11) 99559-0865 R. Jo\u00e3o Vicente Valad\u00e3o, 78 &#8211; Perus, S\u00e3o Paulo-SP<\/p>\n","protected":false},"author":1,"featured_media":0,"parent":0,"menu_order":0,"comment_status":"closed","ping_status":"closed","template":"","meta":{"ngg_post_thumbnail":0},"yoast_head":"<!-- This site is optimized with the Yoast SEO plugin v15.0 - https:\/\/yoast.com\/wordpress\/plugins\/seo\/ -->\n<title>Contato - Ludy Screen Gr\u00e1fica em S\u00e3o Paulo<\/title>\n<meta name=\"description\" content=\"Cart\u00f5es de Visita, Cart\u00f5es de \u00c1rbitro, Etiquetas e Adesivos, Convites, Canetas, Sacolas, caixas e envelopes, Brindes, Porta Cart\u00f5es, Todos os produtos, Embalagens para alimentos, gr\u00e1fica em s\u00e3o Paulo, gr\u00e1fica em SP, gr\u00e1fica em Perus.\" \/>\n<meta name=\"robots\" content=\"index, follow, max-snippet:-1, max-image-preview:large, max-video-preview:-1\" \/>\n<link rel=\"canonical\" href=\"http:\/\/www.ludyscreen.com.br\/grafica-em-sao-paulo\/contato\/\" \/>\n<meta property=\"og:locale\" content=\"pt_BR\" \/>\n<meta property=\"og:type\" content=\"article\" \/>\n<meta property=\"og:title\" content=\"Contato - Ludy Screen Gr\u00e1fica em S\u00e3o Paulo\" \/>\n<meta property=\"og:description\" content=\"Cart\u00f5es de Visita, Cart\u00f5es de \u00c1rbitro, Etiquetas e Adesivos, Convites, Canetas, Sacolas, caixas e envelopes, Brindes, Porta Cart\u00f5es, Todos os produtos, Embalagens para alimentos, gr\u00e1fica em s\u00e3o Paulo, gr\u00e1fica em SP, gr\u00e1fica em Perus.\" \/>\n<meta property=\"og:url\" content=\"http:\/\/www.ludyscreen.com.br\/grafica-em-sao-paulo\/contato\/\" \/>\n<meta property=\"og:site_name\" content=\"Ludy Screen Gr\u00e1fica em S\u00e3o Paulo\" \/>\n<meta property=\"article:modified_time\" content=\"2020-09-21T19:59:33+00:00\" \/>\n<meta name=\"twitter:card\" content=\"summary_large_image\" \/>\n<script type=\"application\/ld+json\" class=\"yoast-schema-graph\">{\"@context\":\"https:\/\/schema.org\",\"@graph\":[{\"@type\":\"WebSite\",\"@id\":\"http:\/\/www.ludyscreen.com.br\/grafica-em-sao-paulo\/#website\",\"url\":\"http:\/\/www.ludyscreen.com.br\/grafica-em-sao-paulo\/\",\"name\":\"Ludy Screen Gr\\u00e1fica em S\\u00e3o Paulo\",\"description\":\"Ludy Screen Gr\\u00e1fica em S\\u00e3o Paulo\",\"potentialAction\":[{\"@type\":\"SearchAction\",\"target\":\"http:\/\/www.ludyscreen.com.br\/grafica-em-sao-paulo\/?s={search_term_string}\",\"query-input\":\"required name=search_term_string\"}],\"inLanguage\":\"pt-BR\"},{\"@type\":\"WebPage\",\"@id\":\"http:\/\/www.ludyscreen.com.br\/grafica-em-sao-paulo\/contato\/#webpage\",\"url\":\"http:\/\/www.ludyscreen.com.br\/grafica-em-sao-paulo\/contato\/\",\"name\":\"Contato - Ludy Screen Gr\\u00e1fica em S\\u00e3o Paulo\",\"isPartOf\":{\"@id\":\"http:\/\/www.ludyscreen.com.br\/grafica-em-sao-paulo\/#website\"},\"datePublished\":\"2020-02-04T20:34:40+00:00\",\"dateModified\":\"2020-09-21T19:59:33+00:00\",\"description\":\"Cart\\u00f5es de Visita, Cart\\u00f5es de \\u00c1rbitro, Etiquetas e Adesivos, Convites, Canetas, Sacolas, caixas e envelopes, Brindes, Porta Cart\\u00f5es, Todos os produtos, Embalagens para alimentos, gr\\u00e1fica em s\\u00e3o Paulo, gr\\u00e1fica em SP, gr\\u00e1fica em Perus.\",\"inLanguage\":\"pt-BR\",\"potentialAction\":[{\"@type\":\"ReadAction\",\"target\":[\"http:\/\/www.ludyscreen.com.br\/grafica-em-sao-paulo\/contato\/\"]}]}]}<\/script>\n<!-- \/ Yoast SEO plugin. -->","_links":{"self":[{"href":"http:\/\/www.ludyscreen.com.br\/grafica-em-sao-paulo\/wp-json\/wp\/v2\/pages\/86"}],"collection":[{"href":"http:\/\/www.ludyscreen.com.br\/grafica-em-sao-paulo\/wp-json\/wp\/v2\/pages"}],"about":[{"href":"http:\/\/www.ludyscreen.com.br\/grafica-em-sao-paulo\/wp-json\/wp\/v2\/types\/page"}],"author":[{"embeddable":true,"href":"http:\/\/www.ludyscreen.com.br\/grafica-em-sao-paulo\/wp-json\/wp\/v2\/users\/1"}],"replies":[{"embeddable":true,"href":"http:\/\/www.ludyscreen.com.br\/grafica-em-sao-paulo\/wp-json\/wp\/v2\/comments?post=86"}],"version-history":[{"count":17,"href":"http:\/\/www.ludyscreen.com.br\/grafica-em-sao-paulo\/wp-json\/wp\/v2\/pages\/86\/revisions"}],"predecessor-version":[{"id":913,"href":"http:\/\/www.ludyscreen.com.br\/grafica-em-sao-paulo\/wp-json\/wp\/v2\/pages\/86\/revisions\/913"}],"wp:attachment":[{"href":"http:\/\/www.ludyscreen.com.br\/grafica-em-sao-paulo\/wp-json\/wp\/v2\/media?parent=86"}],"curies":[{"name":"wp","href":"https:\/\/api.w.org\/{rel}","templated":true}]}}