{"id":807,"date":"2020-09-17T18:49:19","date_gmt":"2020-09-17T18:49:19","guid":{"rendered":"http:\/\/www.ludyscreen.com.br\/grafica-em-sao-paulo\/?page_id=807"},"modified":"2020-09-17T19:29:13","modified_gmt":"2020-09-17T19:29:13","slug":"etiquetas","status":"publish","type":"page","link":"http:\/\/www.ludyscreen.com.br\/grafica-em-sao-paulo\/etiquetas\/","title":{"rendered":"Etiquetas"},"content":{"rendered":"<div id=\"pl-807\"  class=\"panel-layout\" ><div id=\"pg-807-0\"  class=\"panel-grid panel-no-style\" ><div id=\"pgc-807-0-0\"  class=\"panel-grid-cell panel-grid-cell-empty\" ><\/div><div id=\"pgc-807-0-1\"  class=\"panel-grid-cell panel-grid-cell-mobile-last\" ><div id=\"panel-807-0-1-0\" class=\"so-panel widget widget_media_image panel-first-child panel-last-child\" data-index=\"0\" ><img width=\"1024\" height=\"678\" src=\"https:\/\/www.ludyscreen.com.br\/grafica-em-sao-paulo\/wp-content\/uploads\/2020\/06\/fotos-8-1-1024x678.jpeg\" class=\"image wp-image-674  attachment-large size-large\" alt=\"\" loading=\"lazy\" style=\"max-width: 100%; height: auto;\" srcset=\"https:\/\/www.ludyscreen.com.br\/grafica-em-sao-paulo\/wp-content\/uploads\/2020\/06\/fotos-8-1-1024x678.jpeg 1024w, https:\/\/www.ludyscreen.com.br\/grafica-em-sao-paulo\/wp-content\/uploads\/2020\/06\/fotos-8-1-300x199.jpeg 300w, https:\/\/www.ludyscreen.com.br\/grafica-em-sao-paulo\/wp-content\/uploads\/2020\/06\/fotos-8-1-768x508.jpeg 768w, https:\/\/www.ludyscreen.com.br\/grafica-em-sao-paulo\/wp-content\/uploads\/2020\/06\/fotos-8-1.jpeg 1280w\" sizes=\"(max-width: 1024px) 100vw, 1024px\" \/><\/div><\/div><div id=\"pgc-807-0-2\"  class=\"panel-grid-cell panel-grid-cell-empty\" ><\/div><\/div><div id=\"pg-807-1\"  class=\"panel-grid panel-no-style\" ><div id=\"pgc-807-1-0\"  class=\"panel-grid-cell\" ><div id=\"panel-807-1-0-0\" class=\"so-panel widget widget_text panel-first-child panel-last-child\" data-index=\"1\" ><h3 class=\"widget-title\">Etiquetas e adesivos:<\/h3>\t\t\t<div class=\"textwidget\"><p>Com uma gama muito extensa de materiais e formas de corte as etiquetas e adesivos s\u00e3o utilizadas em diversos setores. Podem ser utilizadas como enfeites e brindes, como forma de identifica\u00e7\u00e3o de tens\u00e3o e corrente de determinada m\u00e1quina, Como etiquetas indicativas de troca de \u00f3leo etc&#8230;<\/p>\n<p>Trabalhamos com uma linha muito extensa de materiais para melhor atende-lo.<\/p>\n<p>Vale ressaltar nossas etiquetas Resinadas que d\u00e3o um destaque impressionante para a sua empresa.<\/p>\n<\/div>\n\t\t<\/div><\/div><\/div><\/div>","protected":false},"excerpt":{"rendered":"<p>Com uma gama muito extensa de materiais e formas de corte as etiquetas e adesivos s\u00e3o utilizadas em diversos setores. Podem ser utilizadas como enfeites e brindes, como forma de identifica\u00e7\u00e3o de tens\u00e3o e corrente de determinada m\u00e1quina, Como etiquetas indicativas de troca de \u00f3leo etc&#8230; Trabalhamos com uma linha muito extensa de materiais para&hellip; <br \/> <a class=\"read-more\" href=\"http:\/\/www.ludyscreen.com.br\/grafica-em-sao-paulo\/etiquetas\/\">Leia mais<\/a><\/p>\n","protected":false},"author":1,"featured_media":0,"parent":0,"menu_order":0,"comment_status":"closed","ping_status":"closed","template":"","meta":{"ngg_post_thumbnail":0},"yoast_head":"<!-- This site is optimized with the Yoast SEO plugin v15.0 - https:\/\/yoast.com\/wordpress\/plugins\/seo\/ -->\n<title>Etiquetas - Ludy Screen Gr\u00e1fica em S\u00e3o Paulo<\/title>\n<meta name=\"description\" content=\"Cart\u00f5es de Visita, Cart\u00f5es de \u00c1rbitro, Etiquetas e Adesivos, Convites, Canetas, Sacolas, caixas e envelopes, Brindes, Porta Cart\u00f5es, Todos os produtos, Embalagens para alimentos, gr\u00e1fica em s\u00e3o Paulo, gr\u00e1fica em SP, gr\u00e1fica em Perus.\" \/>\n<meta name=\"robots\" content=\"index, follow, max-snippet:-1, max-image-preview:large, max-video-preview:-1\" \/>\n<link rel=\"canonical\" href=\"http:\/\/www.ludyscreen.com.br\/grafica-em-sao-paulo\/etiquetas\/\" \/>\n<meta property=\"og:locale\" content=\"pt_BR\" \/>\n<meta property=\"og:type\" content=\"article\" \/>\n<meta property=\"og:title\" content=\"Etiquetas - Ludy Screen Gr\u00e1fica em S\u00e3o Paulo\" \/>\n<meta property=\"og:description\" content=\"Cart\u00f5es de Visita, Cart\u00f5es de \u00c1rbitro, Etiquetas e Adesivos, Convites, Canetas, Sacolas, caixas e envelopes, Brindes, Porta Cart\u00f5es, Todos os produtos, Embalagens para alimentos, gr\u00e1fica em s\u00e3o Paulo, gr\u00e1fica em SP, gr\u00e1fica em Perus.\" \/>\n<meta property=\"og:url\" content=\"http:\/\/www.ludyscreen.com.br\/grafica-em-sao-paulo\/etiquetas\/\" \/>\n<meta property=\"og:site_name\" content=\"Ludy Screen Gr\u00e1fica em S\u00e3o Paulo\" \/>\n<meta property=\"article:modified_time\" content=\"2020-09-17T19:29:13+00:00\" \/>\n<meta name=\"twitter:card\" content=\"summary_large_image\" \/>\n<script type=\"application\/ld+json\" class=\"yoast-schema-graph\">{\"@context\":\"https:\/\/schema.org\",\"@graph\":[{\"@type\":\"WebSite\",\"@id\":\"http:\/\/www.ludyscreen.com.br\/grafica-em-sao-paulo\/#website\",\"url\":\"http:\/\/www.ludyscreen.com.br\/grafica-em-sao-paulo\/\",\"name\":\"Ludy Screen Gr\\u00e1fica em S\\u00e3o Paulo\",\"description\":\"Ludy Screen Gr\\u00e1fica em S\\u00e3o Paulo\",\"potentialAction\":[{\"@type\":\"SearchAction\",\"target\":\"http:\/\/www.ludyscreen.com.br\/grafica-em-sao-paulo\/?s={search_term_string}\",\"query-input\":\"required name=search_term_string\"}],\"inLanguage\":\"pt-BR\"},{\"@type\":\"WebPage\",\"@id\":\"http:\/\/www.ludyscreen.com.br\/grafica-em-sao-paulo\/etiquetas\/#webpage\",\"url\":\"http:\/\/www.ludyscreen.com.br\/grafica-em-sao-paulo\/etiquetas\/\",\"name\":\"Etiquetas - Ludy Screen Gr\\u00e1fica em S\\u00e3o Paulo\",\"isPartOf\":{\"@id\":\"http:\/\/www.ludyscreen.com.br\/grafica-em-sao-paulo\/#website\"},\"datePublished\":\"2020-09-17T18:49:19+00:00\",\"dateModified\":\"2020-09-17T19:29:13+00:00\",\"description\":\"Cart\\u00f5es de Visita, Cart\\u00f5es de \\u00c1rbitro, Etiquetas e Adesivos, Convites, Canetas, Sacolas, caixas e envelopes, Brindes, Porta Cart\\u00f5es, Todos os produtos, Embalagens para alimentos, gr\\u00e1fica em s\\u00e3o Paulo, gr\\u00e1fica em SP, gr\\u00e1fica em Perus.\",\"inLanguage\":\"pt-BR\",\"potentialAction\":[{\"@type\":\"ReadAction\",\"target\":[\"http:\/\/www.ludyscreen.com.br\/grafica-em-sao-paulo\/etiquetas\/\"]}]}]}<\/script>\n<!-- \/ Yoast SEO plugin. -->","_links":{"self":[{"href":"http:\/\/www.ludyscreen.com.br\/grafica-em-sao-paulo\/wp-json\/wp\/v2\/pages\/807"}],"collection":[{"href":"http:\/\/www.ludyscreen.com.br\/grafica-em-sao-paulo\/wp-json\/wp\/v2\/pages"}],"about":[{"href":"http:\/\/www.ludyscreen.com.br\/grafica-em-sao-paulo\/wp-json\/wp\/v2\/types\/page"}],"author":[{"embeddable":true,"href":"http:\/\/www.ludyscreen.com.br\/grafica-em-sao-paulo\/wp-json\/wp\/v2\/users\/1"}],"replies":[{"embeddable":true,"href":"http:\/\/www.ludyscreen.com.br\/grafica-em-sao-paulo\/wp-json\/wp\/v2\/comments?post=807"}],"version-history":[{"count":5,"href":"http:\/\/www.ludyscreen.com.br\/grafica-em-sao-paulo\/wp-json\/wp\/v2\/pages\/807\/revisions"}],"predecessor-version":[{"id":851,"href":"http:\/\/www.ludyscreen.com.br\/grafica-em-sao-paulo\/wp-json\/wp\/v2\/pages\/807\/revisions\/851"}],"wp:attachment":[{"href":"http:\/\/www.ludyscreen.com.br\/grafica-em-sao-paulo\/wp-json\/wp\/v2\/media?parent=807"}],"curies":[{"name":"wp","href":"https:\/\/api.w.org\/{rel}","templated":true}]}}