{"id":70,"date":"2020-02-04T20:22:49","date_gmt":"2020-02-04T20:22:49","guid":{"rendered":"http:\/\/www.ludyscreen.com.br\/grafica-em-sao-paulo\/?page_id=70"},"modified":"2020-09-18T12:07:56","modified_gmt":"2020-09-18T12:07:56","slug":"cartao-de-visita","status":"publish","type":"page","link":"http:\/\/www.ludyscreen.com.br\/grafica-em-sao-paulo\/cartao-de-visita\/","title":{"rendered":"Cart\u00e3o de Visita"},"content":{"rendered":"<div id=\"pl-70\"  class=\"panel-layout\" ><div id=\"pg-70-0\"  class=\"panel-grid panel-no-style\" ><div id=\"pgc-70-0-0\"  class=\"panel-grid-cell panel-grid-cell-empty\" ><\/div><div id=\"pgc-70-0-1\"  class=\"panel-grid-cell panel-grid-cell-mobile-last\" ><div id=\"panel-70-0-1-0\" class=\"so-panel widget widget_media_image panel-first-child panel-last-child\" data-index=\"0\" ><img width=\"1024\" height=\"682\" src=\"https:\/\/www.ludyscreen.com.br\/grafica-em-sao-paulo\/wp-content\/uploads\/2020\/06\/fotos-1-1-1024x682.jpeg\" class=\"image wp-image-667  attachment-large size-large\" alt=\"\" loading=\"lazy\" style=\"max-width: 100%; height: auto;\" srcset=\"https:\/\/www.ludyscreen.com.br\/grafica-em-sao-paulo\/wp-content\/uploads\/2020\/06\/fotos-1-1-1024x682.jpeg 1024w, https:\/\/www.ludyscreen.com.br\/grafica-em-sao-paulo\/wp-content\/uploads\/2020\/06\/fotos-1-1-300x200.jpeg 300w, https:\/\/www.ludyscreen.com.br\/grafica-em-sao-paulo\/wp-content\/uploads\/2020\/06\/fotos-1-1-768x512.jpeg 768w, https:\/\/www.ludyscreen.com.br\/grafica-em-sao-paulo\/wp-content\/uploads\/2020\/06\/fotos-1-1.jpeg 1280w\" sizes=\"(max-width: 1024px) 100vw, 1024px\" \/><\/div><\/div><div id=\"pgc-70-0-2\"  class=\"panel-grid-cell panel-grid-cell-empty\" ><\/div><\/div><div id=\"pg-70-1\"  class=\"panel-grid panel-no-style\" ><div id=\"pgc-70-1-0\"  class=\"panel-grid-cell\" ><div id=\"panel-70-1-0-0\" class=\"so-panel widget widget_text panel-first-child panel-last-child\" data-index=\"1\" ><h3 class=\"widget-title\">Cart\u00f5es de visita:<\/h3>\t\t\t<div class=\"textwidget\"><p>Cart\u00f5es de visita s\u00e3o muito mais do que um simples informativo. Muitas vezes a partir da entrega de um simples cart\u00e3o de visita carrega-se toda a imagem de uma empresa. Muitas vezes este \u00e9 o primeiro contato de um poss\u00edvel cliente com a sua empresa portanto \u00e9 interessante a apresenta\u00e7\u00e3o de um material sofisticado e de qualidade.<\/p>\n<p>Geralmente nas medidas 9x5cm (aceitando qualquer outra varia\u00e7\u00e3o de tamanho) os cart\u00f5es de visita podem ser feito dos mais diversos materiais e t\u00e9cnicas de impress\u00e3o imagin\u00e1veis.<\/p>\n<p>Podem ser feitos em Color Plus, Pap\u00e9is de material reciclado, Kraft, Triplex, Papel 100% Algod\u00e3o etc&#8230; podendo ser feitos em serigrafia com relevo, ou at\u00e9 em impress\u00e3o Offset com lamina\u00e7\u00e3o BOPP e verniz localizado, utilizando-se de acabamentos como relevo seco dentre outros.<\/p>\n<\/div>\n\t\t<\/div><\/div><\/div><\/div>","protected":false},"excerpt":{"rendered":"<p>Cart\u00f5es de visita s\u00e3o muito mais do que um simples informativo. Muitas vezes a partir da entrega de um simples cart\u00e3o de visita carrega-se toda a imagem de uma empresa. Muitas vezes este \u00e9 o primeiro contato de um poss\u00edvel cliente com a sua empresa portanto \u00e9 interessante a apresenta\u00e7\u00e3o de um material sofisticado e&hellip; <br \/> <a class=\"read-more\" href=\"http:\/\/www.ludyscreen.com.br\/grafica-em-sao-paulo\/cartao-de-visita\/\">Leia mais<\/a><\/p>\n","protected":false},"author":1,"featured_media":0,"parent":0,"menu_order":0,"comment_status":"closed","ping_status":"closed","template":"","meta":{"ngg_post_thumbnail":0},"yoast_head":"<!-- This site is optimized with the Yoast SEO plugin v15.0 - https:\/\/yoast.com\/wordpress\/plugins\/seo\/ -->\n<title>Cart\u00e3o de Visita - Ludy Screen Gr\u00e1fica em S\u00e3o Paulo<\/title>\n<meta name=\"description\" content=\"Cart\u00f5es de Visita, Cart\u00f5es de \u00c1rbitro, Etiquetas e Adesivos, Convites, Canetas, Sacolas, caixas e envelopes, Brindes, Porta Cart\u00f5es, Todos os produtos, Embalagens para alimentos, gr\u00e1fica em s\u00e3o Paulo, gr\u00e1fica em SP, gr\u00e1fica em Perus.\" \/>\n<meta name=\"robots\" content=\"index, follow, max-snippet:-1, max-image-preview:large, max-video-preview:-1\" \/>\n<link rel=\"canonical\" href=\"http:\/\/www.ludyscreen.com.br\/grafica-em-sao-paulo\/cartao-de-visita\/\" \/>\n<meta property=\"og:locale\" content=\"pt_BR\" \/>\n<meta property=\"og:type\" content=\"article\" \/>\n<meta property=\"og:title\" content=\"Cart\u00e3o de Visita - Ludy Screen Gr\u00e1fica em S\u00e3o Paulo\" \/>\n<meta property=\"og:description\" content=\"Cart\u00f5es de Visita, Cart\u00f5es de \u00c1rbitro, Etiquetas e Adesivos, Convites, Canetas, Sacolas, caixas e envelopes, Brindes, Porta Cart\u00f5es, Todos os produtos, Embalagens para alimentos, gr\u00e1fica em s\u00e3o Paulo, gr\u00e1fica em SP, gr\u00e1fica em Perus.\" \/>\n<meta property=\"og:url\" content=\"http:\/\/www.ludyscreen.com.br\/grafica-em-sao-paulo\/cartao-de-visita\/\" \/>\n<meta property=\"og:site_name\" content=\"Ludy Screen Gr\u00e1fica em S\u00e3o Paulo\" \/>\n<meta property=\"article:modified_time\" content=\"2020-09-18T12:07:56+00:00\" \/>\n<meta name=\"twitter:card\" content=\"summary_large_image\" \/>\n<script type=\"application\/ld+json\" class=\"yoast-schema-graph\">{\"@context\":\"https:\/\/schema.org\",\"@graph\":[{\"@type\":\"WebSite\",\"@id\":\"http:\/\/www.ludyscreen.com.br\/grafica-em-sao-paulo\/#website\",\"url\":\"http:\/\/www.ludyscreen.com.br\/grafica-em-sao-paulo\/\",\"name\":\"Ludy Screen Gr\\u00e1fica em S\\u00e3o Paulo\",\"description\":\"Ludy Screen Gr\\u00e1fica em S\\u00e3o Paulo\",\"potentialAction\":[{\"@type\":\"SearchAction\",\"target\":\"http:\/\/www.ludyscreen.com.br\/grafica-em-sao-paulo\/?s={search_term_string}\",\"query-input\":\"required name=search_term_string\"}],\"inLanguage\":\"pt-BR\"},{\"@type\":\"WebPage\",\"@id\":\"http:\/\/www.ludyscreen.com.br\/grafica-em-sao-paulo\/cartao-de-visita\/#webpage\",\"url\":\"http:\/\/www.ludyscreen.com.br\/grafica-em-sao-paulo\/cartao-de-visita\/\",\"name\":\"Cart\\u00e3o de Visita - Ludy Screen Gr\\u00e1fica em S\\u00e3o Paulo\",\"isPartOf\":{\"@id\":\"http:\/\/www.ludyscreen.com.br\/grafica-em-sao-paulo\/#website\"},\"datePublished\":\"2020-02-04T20:22:49+00:00\",\"dateModified\":\"2020-09-18T12:07:56+00:00\",\"description\":\"Cart\\u00f5es de Visita, Cart\\u00f5es de \\u00c1rbitro, Etiquetas e Adesivos, Convites, Canetas, Sacolas, caixas e envelopes, Brindes, Porta Cart\\u00f5es, Todos os produtos, Embalagens para alimentos, gr\\u00e1fica em s\\u00e3o Paulo, gr\\u00e1fica em SP, gr\\u00e1fica em Perus.\",\"inLanguage\":\"pt-BR\",\"potentialAction\":[{\"@type\":\"ReadAction\",\"target\":[\"http:\/\/www.ludyscreen.com.br\/grafica-em-sao-paulo\/cartao-de-visita\/\"]}]}]}<\/script>\n<!-- \/ Yoast SEO plugin. -->","_links":{"self":[{"href":"http:\/\/www.ludyscreen.com.br\/grafica-em-sao-paulo\/wp-json\/wp\/v2\/pages\/70"}],"collection":[{"href":"http:\/\/www.ludyscreen.com.br\/grafica-em-sao-paulo\/wp-json\/wp\/v2\/pages"}],"about":[{"href":"http:\/\/www.ludyscreen.com.br\/grafica-em-sao-paulo\/wp-json\/wp\/v2\/types\/page"}],"author":[{"embeddable":true,"href":"http:\/\/www.ludyscreen.com.br\/grafica-em-sao-paulo\/wp-json\/wp\/v2\/users\/1"}],"replies":[{"embeddable":true,"href":"http:\/\/www.ludyscreen.com.br\/grafica-em-sao-paulo\/wp-json\/wp\/v2\/comments?post=70"}],"version-history":[{"count":9,"href":"http:\/\/www.ludyscreen.com.br\/grafica-em-sao-paulo\/wp-json\/wp\/v2\/pages\/70\/revisions"}],"predecessor-version":[{"id":882,"href":"http:\/\/www.ludyscreen.com.br\/grafica-em-sao-paulo\/wp-json\/wp\/v2\/pages\/70\/revisions\/882"}],"wp:attachment":[{"href":"http:\/\/www.ludyscreen.com.br\/grafica-em-sao-paulo\/wp-json\/wp\/v2\/media?parent=70"}],"curies":[{"name":"wp","href":"https:\/\/api.w.org\/{rel}","templated":true}]}}