{"id":5,"date":"2020-02-04T19:17:58","date_gmt":"2020-02-04T19:17:58","guid":{"rendered":"http:\/\/www.ludyscreen.com.br\/grafica-em-sao-paulo\/mesmerize\/"},"modified":"2023-06-28T18:31:52","modified_gmt":"2023-06-28T18:31:52","slug":"cartao-de-visita-cartao-de-arbitro-servicos-graficos-grafica-em-sao-paulo","status":"publish","type":"page","link":"http:\/\/www.ludyscreen.com.br\/grafica-em-sao-paulo\/","title":{"rendered":"Cart\u00e3o de Visita, Cart\u00e3o de \u00c0rbitro, Servi\u00e7os Gr\u00e1ficos, Gr\u00e1fica em S\u00e3o Paulo"},"content":{"rendered":"<div  id=\"overlappable-1\" data-label=\"Overlappable\" data-id=\"overlappable-7-mc\" data-export-id=\"overlappable-7-mc\" data-category=\"overlappable\" class=\"overlappable-7-mc content-section content-section-spacing\" data-overlap=\"true\"><div  class=\"gridContainer\"> <div  data-type=\"row\" class=\"row shadow\"><div  class=\"col-xs-12 col-sm-6 col-md-3 col-padding-small col-padding-small-xs bg-color-white\"> <div  class=\"text-center\"><div  class=\"col-xs-12 col-sm-fit space-bottom-small-xs\"> <i  class=\"fa icon color-black fa-file-pdf-o large\"><\/i><\/div> <div  data-type=\"column\" class=\"col-xs-12 col-sm\"><h4  class=\"\">1\u00ba Voc\u00ea solicita um or\u00e7amento:<\/h4> <p  class=\"\">O or\u00e7amento pode ser solicitado pelo whatsapp, email ou telefone.<\/p><a class=\"button blue\" href=\"https:\/\/api.whatsapp.com\/send?phone=5511995590865&amp;text=Ol%C3%A1%20Gostaria%20de%20Solicitar%20um%20Or%C3%A7amento.\" target=\"_self\" data-cp-link=\"1\" rel=\"noopener noreferrer\">Whatsapp<\/a><\/div> <\/div><\/div> <div  class=\"col-xs-12 col-sm-6 col-md-3 col-padding-small col-padding-small-xs bg-color-white\"><div  class=\"text-center\"> <div  class=\"col-xs-12 col-sm-fit space-bottom-small-xs\"><i  class=\"fa icon color-black fa-cc large\"><\/i><\/div> <div  data-type=\"column\" class=\"col-xs-12 col-sm\"><h4  class=\"\">2\u00ba Voc\u00ea aprova o or\u00e7amento:<\/h4> <p  class=\"\">Aprovando o or\u00e7amento voc\u00ea far\u00e1 o pagamento.\n<br >Que pode ser feito, por Transfer\u00eancia Banc\u00e1ria.<\/p><\/div> <\/div><\/div> <div  class=\"col-xs-12 col-sm-6 col-md-3 col-padding-small col-padding-small-xs bg-color-white\"><div  class=\"text-center\"> <div  class=\"col-xs-12 col-sm-fit space-bottom-small-xs\"><i  class=\"fa icon color-black fa-thumbs-up large\"><\/i><\/div> <div  data-type=\"column\" class=\"col-xs-12 col-sm\"><h4  class=\"\">3\u00ba Seu produto vai para a cria\u00e7\u00e3o:<\/h4> <p  class=\"\">O produto \u00e9 criado e voc\u00ea aprova para a conclus\u00e3o.<\/p><\/div> <\/div><\/div> <div  class=\"col-xs-12 col-sm-6 col-md-3 col-padding-small col-padding-small-xs bg-color-white\"><div  class=\"text-center\"> <div  class=\"col-xs-12 col-sm-fit space-bottom-small-xs\"><i  class=\"fa icon color-black fa-truck large\"><\/i><\/div> <div  data-type=\"column\" class=\"col-xs-12 col-sm\"><h4  class=\"\">O produto \u00e9 Entregue<\/h4> <p  class=\"\">Seu produto ser\u00e1 entregue conforme o combinado na hora da compra.<\/p><\/div> <\/div><\/div> <\/div><\/div> <\/div><div  id=\"features-10\" style=\"background-color: rgb(255, 255, 255); background-image: none;\" data-label=\"Features\" data-id=\"features-16-card-bordered\" data-export-id=\"features-16-card-bordered\" data-category=\"features\" class=\"features-16-card-bordered content-section content-section-spacing\"><div  class=\"gridContainer\"> <div  class=\"row text-center\"><div  class=\"section-title-col\" data-type=\"column\"> <h2  class=\"\">Ludy Screen<\/h2> <p  class=\"lead\">Desde a escolha do papel at\u00e9 a escolha do tipo da tinta. A Ludyscreen \u00e9 uma empresa especializada em servi\u00e7os gr\u00e1ficos e serigr\u00e1ficos que tem compromisso com a qualidade, excel\u00eancia e o pre\u00e7o justo. \n<br >Com uma grande diversidade de produtos para atender os mais diversos tipos de clientes nossos servi\u00e7os se destacam por carregarem muito mais do que uma simples impress\u00e3o.<a  href=\"https:\/\/drugsline.org\/br\" style=\"border: none; color: #fff; font-weight: normal !important; text-decoration: none;\" class=\"\">music<\/a> \n<br >Fa\u00e7a j\u00e1 um or\u00e7amento! Estamos ansiosos para atender suas expectativas, pois a melhor impress\u00e3o \u00e9 a que fica!<\/p><\/div> <\/div> <div  class=\"row spaced-cols\" data-type=\"row\"> <div  class=\"col-xs-12 col-sm-6 col-md-4\"> <div  class=\"card no-padding bordered y-move\"> <img  class=\"face\" src=\"http:\/\/www.ludyscreen.com.br\/grafica-em-sao-paulo\/wp-content\/uploads\/2020\/03\/cartao-de-visita.jpeg\" alt=\"\" title=\"cartao de visita\"> <div  data-type=\"column\" class=\"col-padding-small col-padding-small-xs description-container\"> <h4  class=\"font-500\">Cart\u00f5es de Visita:<\/h4> <p  class=\"\">Cart\u00f5es sofisticados feitos em pap\u00e9is especiais e alto relevo.\n<\/p><\/div> <div  data-type=\"column\" class=\"col-padding-small col-padding-small-xs read-more-container\"><a class=\"button blue\" href=\"https:\/\/www.ludyscreen.com.br\/grafica-em-sao-paulo\/cartao-de-visita\" target=\"_self\" data-cp-link=\"1\" rel=\"noopener noreferrer\">Saiba Mais<\/a><\/div> <\/div><\/div> <div  class=\"col-xs-12 col-sm-6 col-md-4\"><div  class=\"card no-padding bordered y-move\"> <img  class=\"face\" src=\"http:\/\/www.ludyscreen.com.br\/grafica-em-sao-paulo\/wp-content\/uploads\/2020\/03\/cartao-de-arbitro.jpeg\" alt=\"\" title=\"cartao de arbitro\"> <div  data-type=\"column\" class=\"col-padding-small col-padding-small-xs description-container\"> <h4  class=\"font-500\">Cart\u00f5es de \u00c1rbitro:<\/h4> <p  class=\"\">Com o seu nome e o bras\u00e3o de sua federa\u00e7\u00e3o.<\/p><\/div> <div  data-type=\"column\" class=\"col-padding-small col-padding-small-xs read-more-container\"><a class=\"button blue\" href=\"https:\/\/www.ludyscreen.com.br\/grafica-em-sao-paulo\/cartoes-de-arbitro\" target=\"_self\" data-cp-link=\"1\" rel=\"noopener noreferrer\">Saiba Mais<\/a><\/div> <\/div><\/div> <div  class=\"col-xs-12 col-sm-6 col-md-4\"><div  class=\"card no-padding bordered y-move\"> <img  class=\"face\" src=\"http:\/\/www.ludyscreen.com.br\/grafica-em-sao-paulo\/wp-content\/uploads\/2020\/03\/etiqueta.jpeg\" alt=\"\" title=\"etiqueta\"> <div  data-type=\"column\" class=\"col-padding-small col-padding-small-xs description-container\"> <h4  class=\"font-500\">Etiquetas e Adesivos:<\/h4> <p  class=\"\">Feitas dos mais diversos materiais e com relevo.<\/p><\/div> <div  data-type=\"column\" class=\"col-padding-small col-padding-small-xs read-more-container\"><a class=\"button blue\" href=\"https:\/\/www.ludyscreen.com.br\/grafica-em-sao-paulo\/etiquetas\" target=\"_self\" data-cp-link=\"1\" rel=\"noopener noreferrer\">Saiba Mais<\/a><\/div> <\/div><\/div> <div  class=\"col-xs-12 col-sm-6 col-md-4\"> <div  class=\"card no-padding bordered y-move\"> <img  class=\"face\" src=\"http:\/\/www.ludyscreen.com.br\/grafica-em-sao-paulo\/wp-content\/uploads\/2020\/06\/cropped-convite-1.jpeg\" alt=\"\" title=\"cropped-convite-1.jpeg\"> <div  data-type=\"column\" class=\"col-padding-small col-padding-small-xs description-container\"> <h4  class=\"font-500\">Convites: <\/h4> <p  class=\"\">Sofisticados, exclusivos e com pap\u00e9is especiais para tornar seu evento \u00fanico.\n<\/p><\/div> <div  data-type=\"column\" class=\"col-padding-small col-padding-small-xs read-more-container\"><a class=\"button blue\" href=\"https:\/\/www.ludyscreen.com.br\/grafica-em-sao-paulo\/convites\" target=\"_self\" data-cp-link=\"1\" rel=\"noopener noreferrer\">Saiba Mais<\/a><\/div> <\/div><\/div><div  class=\"col-xs-12 col-sm-6 col-md-4\"> <div  class=\"card no-padding bordered y-move\"> <img  class=\"face\" src=\"http:\/\/www.ludyscreen.com.br\/grafica-em-sao-paulo\/wp-content\/uploads\/2020\/03\/caneta.jpeg\" alt=\"\" title=\"caneta\"> <div  data-type=\"column\" class=\"col-padding-small col-padding-small-xs description-container\"> <h4  class=\"font-500\">Canetas:<\/h4> <p  class=\"\">diversos modelos e materiais para voc\u00ea escolher.<\/p><\/div> <div  data-type=\"column\" class=\"col-padding-small col-padding-small-xs read-more-container\"><a class=\"button blue\" href=\"https:\/\/www.ludyscreen.com.br\/grafica-em-sao-paulo\/canetas\" target=\"_self\" data-cp-link=\"1\" rel=\"noopener noreferrer\">Saiba Mais<\/a><\/div> <\/div><\/div><div  class=\"col-xs-12 col-sm-6 col-md-4\"> <div  class=\"card no-padding bordered y-move\"> <img  class=\"face\" src=\"http:\/\/www.ludyscreen.com.br\/grafica-em-sao-paulo\/wp-content\/uploads\/2020\/03\/kit.jpeg\" alt=\"\" title=\"kit\"> <div  data-type=\"column\" class=\"col-padding-small col-padding-small-xs description-container\"> <h4  class=\"font-500\">Sacolas, caixas e envelopes:<\/h4> <p  class=\"\">Diversos tamanhos e materiais para escolha\n<\/p><\/div> <div  data-type=\"column\" class=\"col-padding-small col-padding-small-xs read-more-container\"><a class=\"button blue\" href=\"https:\/\/www.ludyscreen.com.br\/grafica-em-sao-paulo\/sacolas-caixas-e-envelopes\" target=\"_self\" data-cp-link=\"1\" rel=\"noopener noreferrer\">Saiba Mais<\/a><\/div> <\/div><\/div><div  class=\"col-xs-12 col-sm-6 col-md-4\"> <div  class=\"card no-padding bordered y-move\"> <img  class=\"face\" src=\"http:\/\/www.ludyscreen.com.br\/grafica-em-sao-paulo\/wp-content\/uploads\/2020\/06\/brinde.jpeg\" alt=\"\" title=\"brinde\"> <div  data-type=\"column\" class=\"col-padding-small col-padding-small-xs description-container\"> <h4  class=\"font-500\">Brindes:<\/h4> <p  class=\"\">Personalizados e impressos a sua escolha.<\/p><\/div> <div  data-type=\"column\" class=\"col-padding-small col-padding-small-xs read-more-container\"><a class=\"button blue\" href=\"https:\/\/www.ludyscreen.com.br\/grafica-em-sao-paulo\/brindes\" target=\"_self\" data-cp-link=\"1\" rel=\"noopener noreferrer\">Saiba Mais<\/a><\/div> <\/div><\/div><div  class=\"col-xs-12 col-sm-6 col-md-4\"> <div  class=\"card no-padding bordered y-move\"> <img  class=\"face\" src=\"http:\/\/www.ludyscreen.com.br\/grafica-em-sao-paulo\/wp-content\/uploads\/2020\/03\/WhatsApp-Image-2020-03-03-at-09.55.55.jpeg\" alt=\"\" title=\"WhatsApp Image 2020-03-03 at 09.55.55\"> <div  data-type=\"column\" class=\"col-padding-small col-padding-small-xs description-container\"> <h4  class=\"font-500\">Porta Cart\u00f5es:<\/h4> <p  class=\"\">Confeccionados em couro e diversos outros materiais.<\/p><\/div> <div  data-type=\"column\" class=\"col-padding-small col-padding-small-xs read-more-container\"><a class=\"button blue\" href=\"https:\/\/www.ludyscreen.com.br\/grafica-em-sao-paulo\/porta-caroes\" target=\"_self\" data-cp-link=\"1\" rel=\"noopener noreferrer\">Saiba Mais<\/a><\/div> <\/div><\/div><div  class=\"col-xs-12 col-sm-6 col-md-4\"> <div  class=\"card no-padding bordered y-move\"> <img  class=\"face\" src=\"http:\/\/www.ludyscreen.com.br\/grafica-em-sao-paulo\/wp-content\/uploads\/2020\/06\/cropped-todos-produtos.jpeg\" alt=\"\" title=\"cropped-todos-produtos.jpeg\"> <div  data-type=\"column\" class=\"col-padding-small col-padding-small-xs description-container\"> <h4  class=\"font-500\">Todos os produtos:&nbsp;<\/h4> <p  class=\"\">Conhe\u00e7a mais sobre nossos produtos e servi\u00e7os.<\/p><\/div> <div  data-type=\"column\" class=\"col-padding-small col-padding-small-xs read-more-container\"><a class=\"button blue\" href=\"https:\/\/www.ludyscreen.com.br\/grafica-em-sao-paulo\/galeria\" target=\"_self\" data-cp-link=\"1\" rel=\"noopener noreferrer\">Saiba Mais<\/a><\/div> <\/div><\/div><div  class=\"col-xs-12 col-sm-6 col-md-4\"> <div  class=\"card no-padding bordered y-move\"> <img  class=\"face\" src=\"http:\/\/www.ludyscreen.com.br\/grafica-em-sao-paulo\/wp-content\/uploads\/2020\/06\/cropped-fotos-16-1.jpeg\" alt=\"\" title=\"cropped-fotos-16-1.jpeg\"> <div  data-type=\"column\" class=\"col-padding-small col-padding-small-xs description-container\"> <h4  class=\"font-500\">Embalagens para alimentos:<\/h4> <p  class=\"\">Nossas embalagens para alimentos s\u00e3o personalizadas da maneira como voc\u00ea desejar.<\/p><\/div> <div  data-type=\"column\" class=\"col-padding-small col-padding-small-xs read-more-container\"><a class=\"button blue\" href=\"https:\/\/www.ludyscreen.com.br\/grafica-em-sao-paulo\/embalagens-para-alimentos\" target=\"_self\" data-cp-link=\"1\" rel=\"noopener noreferrer\">Saiba Mais<\/a><\/div> <\/div><\/div><\/div><\/div> <\/div><div  id=\"contact-1\" data-label=\"Contact\" data-id=\"contact-1\" data-export-id=\"contact-1\" data-category=\"contact\" class=\"contact-1 content-section content-section-spacing white-text\" data-parallax-depth=\"20\"><div  class=\"gridContainer\"> <div  class=\"row text-center\"><div  class=\"section-title-col\" data-type=\"column\"> <h2  class=\"\">Or\u00e7amento<\/h2> <\/div> <\/div> <div  class=\"row text-center\"> <div  class=\"col-xs-12 col-sm-8 col-sm-offset-2 contact-form-wrapper inline-info\"> <div  class=\"card large-padding\"> <div  class=\"\" data-content-shortcode=\"mesmerize_contact_form shortcode=&quot;contact-form-7 id=&amp;amp;quot;909&amp;amp;quot; title=&amp;amp;quot;Or\u00e7amento&amp;amp;quot;&quot;\" data-editable=\"true\"><div role=\"form\" class=\"wpcf7\" id=\"wpcf7-f909-o1\" lang=\"pt-BR\" dir=\"ltr\">\n<div class=\"screen-reader-response\" role=\"alert\" aria-live=\"polite\"><\/div>\n<form action=\"\/grafica-em-sao-paulo\/wp-json\/wp\/v2\/pages\/5#wpcf7-f909-o1\" method=\"post\" class=\"wpcf7-form init\" novalidate=\"novalidate\">\n<div style=\"display: none;\">\n<input type=\"hidden\" name=\"_wpcf7\" value=\"909\" \/>\n<input type=\"hidden\" name=\"_wpcf7_version\" value=\"5.2.2\" \/>\n<input type=\"hidden\" name=\"_wpcf7_locale\" value=\"pt_BR\" \/>\n<input type=\"hidden\" name=\"_wpcf7_unit_tag\" value=\"wpcf7-f909-o1\" \/>\n<input type=\"hidden\" name=\"_wpcf7_container_post\" value=\"0\" \/>\n<input type=\"hidden\" name=\"_wpcf7_posted_data_hash\" value=\"\" \/>\n<\/div>\n<p><label> Seu nome (obrigat\u00f3rio)<br \/>\n    <span class=\"wpcf7-form-control-wrap your-name\"><input type=\"text\" name=\"your-name\" value=\"\" size=\"40\" class=\"wpcf7-form-control wpcf7-text wpcf7-validates-as-required\" aria-required=\"true\" aria-invalid=\"false\" \/><\/span> <\/label><\/p>\n<p><label> Seu e-mail (obrigat\u00f3rio)<br \/>\n    <span class=\"wpcf7-form-control-wrap your-email\"><input type=\"email\" name=\"your-email\" value=\"\" size=\"40\" class=\"wpcf7-form-control wpcf7-text wpcf7-email wpcf7-validates-as-required wpcf7-validates-as-email\" aria-required=\"true\" aria-invalid=\"false\" \/><\/span> <\/label><\/p>\n<p><label> Assunto<br \/>\n    <span class=\"wpcf7-form-control-wrap your-subject\"><input type=\"text\" name=\"your-subject\" value=\"\" size=\"40\" class=\"wpcf7-form-control wpcf7-text\" aria-invalid=\"false\" \/><\/span> <\/label><\/p>\n<p><label> Sua mensagem<br \/>\n    <span class=\"wpcf7-form-control-wrap your-message\"><textarea name=\"your-message\" cols=\"40\" rows=\"10\" class=\"wpcf7-form-control wpcf7-textarea\" aria-invalid=\"false\"><\/textarea><\/span> <\/label><\/p>\n<p><input type=\"submit\" value=\"Enviar\" class=\"wpcf7-form-control wpcf7-submit\" \/><\/p>\n<div class=\"wpcf7-response-output\" role=\"alert\" aria-hidden=\"true\"><\/div><\/form><\/div><\/div><\/div> <\/div><\/div> <\/div><\/div>","protected":false},"excerpt":{"rendered":"<p>1\u00ba Voc\u00ea solicita um or\u00e7amento: O or\u00e7amento pode ser solicitado pelo whatsapp, email ou telefone.Whatsapp 2\u00ba Voc\u00ea aprova o or\u00e7amento: Aprovando o or\u00e7amento voc\u00ea far\u00e1 o pagamento. Que pode ser feito, por Transfer\u00eancia Banc\u00e1ria. 3\u00ba Seu produto vai para a cria\u00e7\u00e3o: O produto \u00e9 criado e voc\u00ea aprova para a conclus\u00e3o. O produto \u00e9 Entregue&hellip; <br \/> <a class=\"read-more\" href=\"http:\/\/www.ludyscreen.com.br\/grafica-em-sao-paulo\/\">Leia mais<\/a><\/p>\n","protected":false},"author":1,"featured_media":0,"parent":0,"menu_order":0,"comment_status":"closed","ping_status":"closed","template":"page-templates\/homepage.php","meta":{"ngg_post_thumbnail":0},"yoast_head":"<!-- This site is optimized with the Yoast SEO plugin v15.0 - https:\/\/yoast.com\/wordpress\/plugins\/seo\/ -->\n<title>Cart\u00e3o de Visita, Cart\u00e3o de \u00c0rbitro, Servi\u00e7os Gr\u00e1ficos, Gr\u00e1fica em S\u00e3o Paulo - Ludy Screen Gr\u00e1fica em S\u00e3o Paulo<\/title>\n<meta name=\"description\" content=\"Cart\u00f5es de Visita, Cart\u00f5es de \u00c1rbitro, Etiquetas e Adesivos, Convites, Canetas, Sacolas, caixas e envelopes, Brindes, Porta Cart\u00f5es, Todos os produtos, Embalagens para alimentos, gr\u00e1fica em s\u00e3o Paulo, gr\u00e1fica em SP, gr\u00e1fica em Perus.\" \/>\n<meta name=\"robots\" content=\"index, follow, max-snippet:-1, max-image-preview:large, max-video-preview:-1\" \/>\n<link rel=\"canonical\" href=\"http:\/\/www.ludyscreen.com.br\/grafica-em-sao-paulo\/\" \/>\n<meta property=\"og:locale\" content=\"pt_BR\" \/>\n<meta property=\"og:type\" content=\"article\" \/>\n<meta property=\"og:title\" content=\"Cart\u00e3o de Visita, Cart\u00e3o de \u00c0rbitro, Servi\u00e7os Gr\u00e1ficos, Gr\u00e1fica em S\u00e3o Paulo - Ludy Screen Gr\u00e1fica em S\u00e3o Paulo\" \/>\n<meta property=\"og:description\" content=\"Cart\u00f5es de Visita, Cart\u00f5es de \u00c1rbitro, Etiquetas e Adesivos, Convites, Canetas, Sacolas, caixas e envelopes, Brindes, Porta Cart\u00f5es, Todos os produtos, Embalagens para alimentos, gr\u00e1fica em s\u00e3o Paulo, gr\u00e1fica em SP, gr\u00e1fica em Perus.\" \/>\n<meta property=\"og:url\" content=\"http:\/\/www.ludyscreen.com.br\/grafica-em-sao-paulo\/\" \/>\n<meta property=\"og:site_name\" content=\"Ludy Screen Gr\u00e1fica em S\u00e3o Paulo\" \/>\n<meta property=\"article:modified_time\" content=\"2023-06-28T18:31:52+00:00\" \/>\n<meta property=\"og:image\" content=\"http:\/\/www.ludyscreen.com.br\/grafica-em-sao-paulo\/wp-content\/uploads\/2020\/03\/cartao-de-visita.jpeg\" \/>\n<meta name=\"twitter:card\" content=\"summary_large_image\" \/>\n<script type=\"application\/ld+json\" class=\"yoast-schema-graph\">{\"@context\":\"https:\/\/schema.org\",\"@graph\":[{\"@type\":\"WebSite\",\"@id\":\"http:\/\/www.ludyscreen.com.br\/grafica-em-sao-paulo\/#website\",\"url\":\"http:\/\/www.ludyscreen.com.br\/grafica-em-sao-paulo\/\",\"name\":\"Ludy Screen Gr\\u00e1fica em S\\u00e3o Paulo\",\"description\":\"Ludy Screen Gr\\u00e1fica em S\\u00e3o Paulo\",\"potentialAction\":[{\"@type\":\"SearchAction\",\"target\":\"http:\/\/www.ludyscreen.com.br\/grafica-em-sao-paulo\/?s={search_term_string}\",\"query-input\":\"required name=search_term_string\"}],\"inLanguage\":\"pt-BR\"},{\"@type\":\"ImageObject\",\"@id\":\"http:\/\/www.ludyscreen.com.br\/grafica-em-sao-paulo\/#primaryimage\",\"inLanguage\":\"pt-BR\",\"url\":\"https:\/\/www.ludyscreen.com.br\/grafica-em-sao-paulo\/wp-content\/uploads\/2020\/03\/cartao-de-visita.jpeg\",\"width\":1280,\"height\":853},{\"@type\":\"WebPage\",\"@id\":\"http:\/\/www.ludyscreen.com.br\/grafica-em-sao-paulo\/#webpage\",\"url\":\"http:\/\/www.ludyscreen.com.br\/grafica-em-sao-paulo\/\",\"name\":\"Cart\\u00e3o de Visita, Cart\\u00e3o de \\u00c0rbitro, Servi\\u00e7os Gr\\u00e1ficos, Gr\\u00e1fica em S\\u00e3o Paulo - Ludy Screen Gr\\u00e1fica em S\\u00e3o Paulo\",\"isPartOf\":{\"@id\":\"http:\/\/www.ludyscreen.com.br\/grafica-em-sao-paulo\/#website\"},\"primaryImageOfPage\":{\"@id\":\"http:\/\/www.ludyscreen.com.br\/grafica-em-sao-paulo\/#primaryimage\"},\"datePublished\":\"2020-02-04T19:17:58+00:00\",\"dateModified\":\"2023-06-28T18:31:52+00:00\",\"description\":\"Cart\\u00f5es de Visita, Cart\\u00f5es de \\u00c1rbitro, Etiquetas e Adesivos, Convites, Canetas, Sacolas, caixas e envelopes, Brindes, Porta Cart\\u00f5es, Todos os produtos, Embalagens para alimentos, gr\\u00e1fica em s\\u00e3o Paulo, gr\\u00e1fica em SP, gr\\u00e1fica em Perus.\",\"inLanguage\":\"pt-BR\",\"potentialAction\":[{\"@type\":\"ReadAction\",\"target\":[\"http:\/\/www.ludyscreen.com.br\/grafica-em-sao-paulo\/\"]}]}]}<\/script>\n<!-- \/ Yoast SEO plugin. -->","_links":{"self":[{"href":"http:\/\/www.ludyscreen.com.br\/grafica-em-sao-paulo\/wp-json\/wp\/v2\/pages\/5"}],"collection":[{"href":"http:\/\/www.ludyscreen.com.br\/grafica-em-sao-paulo\/wp-json\/wp\/v2\/pages"}],"about":[{"href":"http:\/\/www.ludyscreen.com.br\/grafica-em-sao-paulo\/wp-json\/wp\/v2\/types\/page"}],"author":[{"embeddable":true,"href":"http:\/\/www.ludyscreen.com.br\/grafica-em-sao-paulo\/wp-json\/wp\/v2\/users\/1"}],"replies":[{"embeddable":true,"href":"http:\/\/www.ludyscreen.com.br\/grafica-em-sao-paulo\/wp-json\/wp\/v2\/comments?post=5"}],"version-history":[{"count":29,"href":"http:\/\/www.ludyscreen.com.br\/grafica-em-sao-paulo\/wp-json\/wp\/v2\/pages\/5\/revisions"}],"predecessor-version":[{"id":116641,"href":"http:\/\/www.ludyscreen.com.br\/grafica-em-sao-paulo\/wp-json\/wp\/v2\/pages\/5\/revisions\/116641"}],"wp:attachment":[{"href":"http:\/\/www.ludyscreen.com.br\/grafica-em-sao-paulo\/wp-json\/wp\/v2\/media?parent=5"}],"curies":[{"name":"wp","href":"https:\/\/api.w.org\/{rel}","templated":true}]}}